{"id":1430,"date":"2023-10-19T08:15:56","date_gmt":"2023-10-19T08:15:56","guid":{"rendered":"https:\/\/bcndressage.com\/nuestros-formadores"},"modified":"2024-07-04T09:03:22","modified_gmt":"2024-07-04T09:03:22","slug":"nuestros-formadores","status":"publish","type":"page","link":"https:\/\/bcndressage.com\/es\/nuestros-formadores","title":{"rendered":"Entrenadores"},"content":{"rendered":"\t\t<div data-elementor-type=\"wp-page\" data-elementor-id=\"1430\" class=\"elementor elementor-1430 elementor-65\" data-elementor-post-type=\"page\">\n\t\t\t\t\t\t\t<div class=\"elementor-element elementor-element-f9d5855 e-flex e-con-boxed e-con e-parent\" data-id=\"f9d5855\" data-element_type=\"container\" data-settings=\"{&quot;background_background&quot;:&quot;classic&quot;,&quot;container_type&quot;:&quot;flex&quot;,&quot;content_width&quot;:&quot;boxed&quot;}\" data-core-v316-plus=\"true\">\n\t\t\t\t\t<div class=\"e-con-inner\">\n\t\t<div class=\"elementor-element elementor-element-e4fb4d4 e-con-full e-flex e-con e-child\" data-id=\"e4fb4d4\" data-element_type=\"container\" data-settings=\"{&quot;content_width&quot;:&quot;full&quot;,&quot;container_type&quot;:&quot;flex&quot;}\">\n\t\t\t\t<div class=\"elementor-element elementor-element-9ba5610 elementor-widget elementor-widget-heading\" data-id=\"9ba5610\" data-element_type=\"widget\" data-widget_type=\"heading.default\">\n\t\t\t\t<div class=\"elementor-widget-container\">\n\t\t\t<style>\/*! elementor - v3.16.0 - 17-10-2023 *\/\n.elementor-heading-title{padding:0;margin:0;line-height:1}.elementor-widget-heading .elementor-heading-title[class*=elementor-size-]>a{color:inherit;font-size:inherit;line-height:inherit}.elementor-widget-heading .elementor-heading-title.elementor-size-small{font-size:15px}.elementor-widget-heading .elementor-heading-title.elementor-size-medium{font-size:19px}.elementor-widget-heading .elementor-heading-title.elementor-size-large{font-size:29px}.elementor-widget-heading .elementor-heading-title.elementor-size-xl{font-size:39px}.elementor-widget-heading .elementor-heading-title.elementor-size-xxl{font-size:59px}<\/style><h2 class=\"elementor-heading-title elementor-size-default\">Nuestros entrenadores<\/h2>\t\t<\/div>\n\t\t\t\t<\/div>\n\t\t\t\t<\/div>\n\t\t<div class=\"elementor-element elementor-element-7e07b80 e-con-full e-flex e-con e-child\" data-id=\"7e07b80\" data-element_type=\"container\" data-settings=\"{&quot;content_width&quot;:&quot;full&quot;,&quot;background_background&quot;:&quot;classic&quot;,&quot;container_type&quot;:&quot;flex&quot;}\">\n\t\t\t\t<\/div>\n\t\t\t\t\t<\/div>\n\t\t\t\t<\/div>\n\t\t<div class=\"elementor-element elementor-element-7151570 e-flex e-con-boxed e-con e-parent\" data-id=\"7151570\" data-element_type=\"container\" data-settings=\"{&quot;background_background&quot;:&quot;classic&quot;,&quot;container_type&quot;:&quot;flex&quot;,&quot;content_width&quot;:&quot;boxed&quot;}\" data-core-v316-plus=\"true\">\n\t\t\t\t\t<div class=\"e-con-inner\">\n\t\t<div class=\"elementor-element elementor-element-ad7ce26 e-con-full e-flex e-con e-child\" data-id=\"ad7ce26\" data-element_type=\"container\" data-settings=\"{&quot;content_width&quot;:&quot;full&quot;,&quot;container_type&quot;:&quot;flex&quot;}\">\n\t\t<div class=\"elementor-element elementor-element-aecc5e3 e-flex e-con-boxed e-con e-child\" data-id=\"aecc5e3\" data-element_type=\"container\" data-settings=\"{&quot;container_type&quot;:&quot;flex&quot;,&quot;content_width&quot;:&quot;boxed&quot;}\">\n\t\t\t\t\t<div class=\"e-con-inner\">\n\t\t\t\t<div class=\"elementor-element elementor-element-f9dd2b8 elementor-widget__width-initial elementor-widget elementor-widget-image\" data-id=\"f9dd2b8\" data-element_type=\"widget\" data-widget_type=\"image.default\">\n\t\t\t\t<div class=\"elementor-widget-container\">\n\t\t\t<style>\/*! elementor - v3.16.0 - 17-10-2023 *\/\n.elementor-widget-image{text-align:center}.elementor-widget-image a{display:inline-block}.elementor-widget-image a img[src$=\".svg\"]{width:48px}.elementor-widget-image img{vertical-align:middle;display:inline-block}<\/style>\t\t\t\t\t\t\t\t\t\t\t\t<img loading=\"lazy\" decoding=\"async\" width=\"257\" height=\"259\" src=\"https:\/\/bcndressage.com\/wp-content\/uploads\/2024\/03\/agusti-web.webp\" class=\"attachment-full size-full wp-image-1087\" alt=\"\" srcset=\"https:\/\/bcndressage.com\/wp-content\/uploads\/2024\/03\/agusti-web.webp 257w, https:\/\/bcndressage.com\/wp-content\/uploads\/2024\/03\/agusti-web-150x150.webp 150w\" sizes=\"auto, (max-width: 257px) 100vw, 257px\" \/>\t\t\t\t\t\t\t\t\t\t\t\t\t\t\t<\/div>\n\t\t\t\t<\/div>\n\t\t<div class=\"elementor-element elementor-element-d6d158e e-flex e-con-boxed e-con e-child\" data-id=\"d6d158e\" data-element_type=\"container\" data-settings=\"{&quot;container_type&quot;:&quot;flex&quot;,&quot;content_width&quot;:&quot;boxed&quot;}\">\n\t\t\t\t\t<div class=\"e-con-inner\">\n\t\t\t\t<div class=\"elementor-element elementor-element-8ac594f elementor-widget elementor-widget-heading\" data-id=\"8ac594f\" data-element_type=\"widget\" data-widget_type=\"heading.default\">\n\t\t\t\t<div class=\"elementor-widget-container\">\n\t\t\t<h2 class=\"elementor-heading-title elementor-size-default\">Agusti Elias<\/h2>\t\t<\/div>\n\t\t\t\t<\/div>\n\t\t\t\t<div class=\"elementor-element elementor-element-d720c04 elementor-widget__width-initial elementor-widget elementor-widget-text-editor\" data-id=\"d720c04\" data-element_type=\"widget\" data-widget_type=\"text-editor.default\">\n\t\t\t\t<div class=\"elementor-widget-container\">\n\t\t\t<style>\/*! elementor - v3.16.0 - 17-10-2023 *\/\n.elementor-widget-text-editor.elementor-drop-cap-view-stacked .elementor-drop-cap{background-color:#69727d;color:#fff}.elementor-widget-text-editor.elementor-drop-cap-view-framed .elementor-drop-cap{color:#69727d;border:3px solid;background-color:transparent}.elementor-widget-text-editor:not(.elementor-drop-cap-view-default) .elementor-drop-cap{margin-top:8px}.elementor-widget-text-editor:not(.elementor-drop-cap-view-default) .elementor-drop-cap-letter{width:1em;height:1em}.elementor-widget-text-editor .elementor-drop-cap{float:left;text-align:center;line-height:1;font-size:50px}.elementor-widget-text-editor .elementor-drop-cap-letter{display:inline-block}<\/style>\t\t\t\t<p class=\"p2\"><span class=\"s1\">Con el caballo de Gran Premio Altaneiro, Agust\u00ed fue miembro del Equipo Espa\u00f1ol y Medallista de Plata en la Copa de Naciones 2022 en el evento 5 estrellas de Compiegne. Tambi\u00e9n logr\u00f3 la 8\u00aa posici\u00f3n en la general de los Campeonatos de Espa\u00f1a de 2022. Con numerosas actuaciones de alto nivel, tambi\u00e9n represent\u00f3 a Espa\u00f1a en los CDIO de Aquisgr\u00e1n y Hagen y figura en la lista Elite de jinetes espa\u00f1oles de Doma Cl\u00e1sica.<\/span><\/p>\n<p class=\"p2\"><span class=\"s1\">Agust\u00ed es un entrenador positivo con una gran cantidad de conocimientos y es un maestro en el trabajo a mano entrenando piaffe y passage.<\/span><\/p>\t\t\t\t\t\t<\/div>\n\t\t\t\t<\/div>\n\t\t\t\t<div class=\"elementor-element elementor-element-cde5fcf elementor-widget elementor-widget-button\" data-id=\"cde5fcf\" data-element_type=\"widget\" data-widget_type=\"button.default\">\n\t\t\t\t<div class=\"elementor-widget-container\">\n\t\t\t\t\t<div class=\"elementor-button-wrapper\">\n\t\t\t<a class=\"elementor-button elementor-button-link elementor-size-sm\" href=\"#\">\n\t\t\t\t\t\t<span class=\"elementor-button-content-wrapper\">\n\t\t\t\t\t\t<span class=\"elementor-button-text\">instagram<\/span>\n\t\t<\/span>\n\t\t\t\t\t<\/a>\n\t\t<\/div>\n\t\t\t\t<\/div>\n\t\t\t\t<\/div>\n\t\t\t\t\t<\/div>\n\t\t\t\t<\/div>\n\t\t\t\t\t<\/div>\n\t\t\t\t<\/div>\n\t\t<div class=\"elementor-element elementor-element-d825e85 e-flex e-con-boxed e-con e-child\" data-id=\"d825e85\" data-element_type=\"container\" data-settings=\"{&quot;container_type&quot;:&quot;flex&quot;,&quot;content_width&quot;:&quot;boxed&quot;}\">\n\t\t\t\t\t<div class=\"e-con-inner\">\n\t\t\t\t<div class=\"elementor-element elementor-element-93fbb1c elementor-widget__width-initial elementor-widget elementor-widget-image\" data-id=\"93fbb1c\" data-element_type=\"widget\" data-widget_type=\"image.default\">\n\t\t\t\t<div class=\"elementor-widget-container\">\n\t\t\t\t\t\t\t\t\t\t\t\t\t\t\t<img loading=\"lazy\" decoding=\"async\" width=\"257\" height=\"259\" src=\"https:\/\/bcndressage.com\/wp-content\/uploads\/2024\/03\/cristina-wagem.webp\" class=\"attachment-full size-full wp-image-1094\" alt=\"\" srcset=\"https:\/\/bcndressage.com\/wp-content\/uploads\/2024\/03\/cristina-wagem.webp 257w, https:\/\/bcndressage.com\/wp-content\/uploads\/2024\/03\/cristina-wagem-150x150.webp 150w\" sizes=\"auto, (max-width: 257px) 100vw, 257px\" \/>\t\t\t\t\t\t\t\t\t\t\t\t\t\t\t<\/div>\n\t\t\t\t<\/div>\n\t\t<div class=\"elementor-element elementor-element-07be0e9 e-flex e-con-boxed e-con e-child\" data-id=\"07be0e9\" data-element_type=\"container\" data-settings=\"{&quot;container_type&quot;:&quot;flex&quot;,&quot;content_width&quot;:&quot;boxed&quot;}\">\n\t\t\t\t\t<div class=\"e-con-inner\">\n\t\t\t\t<div class=\"elementor-element elementor-element-e90590f elementor-widget elementor-widget-heading\" data-id=\"e90590f\" data-element_type=\"widget\" data-widget_type=\"heading.default\">\n\t\t\t\t<div class=\"elementor-widget-container\">\n\t\t\t<h2 class=\"elementor-heading-title elementor-size-default\">Cristina Wagemans\u200b<\/h2>\t\t<\/div>\n\t\t\t\t<\/div>\n\t\t\t\t<div class=\"elementor-element elementor-element-556ba96 elementor-widget__width-initial elementor-widget elementor-widget-text-editor\" data-id=\"556ba96\" data-element_type=\"widget\" data-widget_type=\"text-editor.default\">\n\t\t\t\t<div class=\"elementor-widget-container\">\n\t\t\t\t\t\t\t<p>Cristina es considerada una joven promesa de la doma cl\u00e1sica espa\u00f1ola. Ha sido dos veces Campeona de Espa\u00f1a en la categor\u00eda Sub 25, a bordo de 2 monturas diferentes Dreamboat BCN y su<\/p>\n<p>el propio Ellington. Junto con Ellington est\u00e1 consiguiendo actualmente una puntuaci\u00f3n sobresaliente en el nivel Grand Prix y est\u00e1 en el pelot\u00f3n de \u00e9lite del equipo espa\u00f1ol. Actualmente cuenta con una larga lista de alumnos de \u00e9xito que compiten a alto nivel y han sido seleccionados en el Equipo Espa\u00f1ol de J\u00f3venes Jinetes.<\/p>\n\t\t\t\t\t\t<\/div>\n\t\t\t\t<\/div>\n\t\t\t\t<div class=\"elementor-element elementor-element-00b5d52 elementor-widget elementor-widget-button\" data-id=\"00b5d52\" data-element_type=\"widget\" data-widget_type=\"button.default\">\n\t\t\t\t<div class=\"elementor-widget-container\">\n\t\t\t\t\t<div class=\"elementor-button-wrapper\">\n\t\t\t<a class=\"elementor-button elementor-button-link elementor-size-sm\" href=\"#\">\n\t\t\t\t\t\t<span class=\"elementor-button-content-wrapper\">\n\t\t\t\t\t\t<span class=\"elementor-button-text\">instagram<\/span>\n\t\t<\/span>\n\t\t\t\t\t<\/a>\n\t\t<\/div>\n\t\t\t\t<\/div>\n\t\t\t\t<\/div>\n\t\t\t\t\t<\/div>\n\t\t\t\t<\/div>\n\t\t\t\t\t<\/div>\n\t\t\t\t<\/div>\n\t\t\t\t<\/div>\n\t\t<div class=\"elementor-element elementor-element-a3b73a0 e-con-full e-flex e-con e-child\" data-id=\"a3b73a0\" data-element_type=\"container\" data-settings=\"{&quot;content_width&quot;:&quot;full&quot;,&quot;container_type&quot;:&quot;flex&quot;}\">\n\t\t<div class=\"elementor-element elementor-element-a86dad6 e-flex e-con-boxed e-con e-child\" data-id=\"a86dad6\" data-element_type=\"container\" data-settings=\"{&quot;container_type&quot;:&quot;flex&quot;,&quot;content_width&quot;:&quot;boxed&quot;}\">\n\t\t\t\t\t<div class=\"e-con-inner\">\n\t\t\t\t<div class=\"elementor-element elementor-element-6b743ec elementor-widget__width-initial elementor-widget elementor-widget-image\" data-id=\"6b743ec\" data-element_type=\"widget\" data-widget_type=\"image.default\">\n\t\t\t\t<div class=\"elementor-widget-container\">\n\t\t\t\t\t\t\t\t\t\t\t\t\t\t\t<img loading=\"lazy\" decoding=\"async\" width=\"257\" height=\"259\" src=\"https:\/\/bcndressage.com\/wp-content\/uploads\/2024\/03\/adan_equipo-1.webp\" class=\"attachment-full size-full wp-image-1113\" alt=\"\" srcset=\"https:\/\/bcndressage.com\/wp-content\/uploads\/2024\/03\/adan_equipo-1.webp 257w, https:\/\/bcndressage.com\/wp-content\/uploads\/2024\/03\/adan_equipo-1-150x150.webp 150w\" sizes=\"auto, (max-width: 257px) 100vw, 257px\" \/>\t\t\t\t\t\t\t\t\t\t\t\t\t\t\t<\/div>\n\t\t\t\t<\/div>\n\t\t<div class=\"elementor-element elementor-element-9df48eb e-flex e-con-boxed e-con e-child\" data-id=\"9df48eb\" data-element_type=\"container\" data-settings=\"{&quot;container_type&quot;:&quot;flex&quot;,&quot;content_width&quot;:&quot;boxed&quot;}\">\n\t\t\t\t\t<div class=\"e-con-inner\">\n\t\t\t\t<div class=\"elementor-element elementor-element-97b00cc elementor-widget elementor-widget-heading\" data-id=\"97b00cc\" data-element_type=\"widget\" data-widget_type=\"heading.default\">\n\t\t\t\t<div class=\"elementor-widget-container\">\n\t\t\t<h2 class=\"elementor-heading-title elementor-size-default\">Adan Esterlich<\/h2>\t\t<\/div>\n\t\t\t\t<\/div>\n\t\t\t\t<div class=\"elementor-element elementor-element-d47e63b elementor-widget__width-initial elementor-widget elementor-widget-text-editor\" data-id=\"d47e63b\" data-element_type=\"widget\" data-widget_type=\"text-editor.default\">\n\t\t\t\t<div class=\"elementor-widget-container\">\n\t\t\t\t\t\t\t<p class=\"p2\"><span class=\"s1\">Adan se uni\u00f3 a BCN Dressage en 2019 y es un maestro en el entrenamiento de caballos a nivel Gran Premio. \u00c9l mismo entren\u00f3 al caballo Goldwyn hasta el nivel de Gran Premio y compiti\u00f3 en la categor\u00eda sub-25 para Espa\u00f1a. <\/span><\/p>\n<p class=\"p2\"><span class=\"s1\">Tiene un enorme talento y sensibilidad para entrenar caballos j\u00f3venes al m\u00e1s alto nivel. Es un entrenador de gran talento y tiene muchos conocimientos a pesar de su corta edad.<\/span><\/p>\n\t\t\t\t\t\t<\/div>\n\t\t\t\t<\/div>\n\t\t\t\t<div class=\"elementor-element elementor-element-25418ac elementor-widget elementor-widget-button\" data-id=\"25418ac\" data-element_type=\"widget\" data-widget_type=\"button.default\">\n\t\t\t\t<div class=\"elementor-widget-container\">\n\t\t\t\t\t<div class=\"elementor-button-wrapper\">\n\t\t\t<a class=\"elementor-button elementor-button-link elementor-size-sm\" href=\"#\">\n\t\t\t\t\t\t<span class=\"elementor-button-content-wrapper\">\n\t\t\t\t\t\t<span class=\"elementor-button-text\">instagram<\/span>\n\t\t<\/span>\n\t\t\t\t\t<\/a>\n\t\t<\/div>\n\t\t\t\t<\/div>\n\t\t\t\t<\/div>\n\t\t\t\t\t<\/div>\n\t\t\t\t<\/div>\n\t\t\t\t\t<\/div>\n\t\t\t\t<\/div>\n\t\t<div class=\"elementor-element elementor-element-02e439e e-flex e-con-boxed e-con e-child\" data-id=\"02e439e\" data-element_type=\"container\" data-settings=\"{&quot;container_type&quot;:&quot;flex&quot;,&quot;content_width&quot;:&quot;boxed&quot;}\">\n\t\t\t\t\t<div class=\"e-con-inner\">\n\t\t\t\t\t<\/div>\n\t\t\t\t<\/div>\n\t\t\t\t<\/div>\n\t\t\t\t\t<\/div>\n\t\t\t\t<\/div>\n\t\t\t\t\t\t\t<\/div>\n\t\t","protected":false},"excerpt":{"rendered":"<p>Nuestros entrenadores Agusti Elias Con el caballo de Gran Premio Altaneiro, Agust\u00ed fue miembro del Equipo Espa\u00f1ol y Medallista de Plata en la Copa de Naciones 2022 en el evento 5 estrellas de Compiegne. Tambi\u00e9n logr\u00f3 la 8\u00aa posici\u00f3n en la general de los Campeonatos de Espa\u00f1a de 2022. Con numerosas actuaciones de alto nivel, [&hellip;]<\/p>\n","protected":false},"author":2,"featured_media":0,"parent":0,"menu_order":0,"comment_status":"closed","ping_status":"closed","template":"","meta":{"footnotes":""},"class_list":["post-1430","page","type-page","status-publish","hentry"],"_links":{"self":[{"href":"https:\/\/bcndressage.com\/es\/wp-json\/wp\/v2\/pages\/1430","targetHints":{"allow":["GET"]}}],"collection":[{"href":"https:\/\/bcndressage.com\/es\/wp-json\/wp\/v2\/pages"}],"about":[{"href":"https:\/\/bcndressage.com\/es\/wp-json\/wp\/v2\/types\/page"}],"author":[{"embeddable":true,"href":"https:\/\/bcndressage.com\/es\/wp-json\/wp\/v2\/users\/2"}],"replies":[{"embeddable":true,"href":"https:\/\/bcndressage.com\/es\/wp-json\/wp\/v2\/comments?post=1430"}],"version-history":[{"count":8,"href":"https:\/\/bcndressage.com\/es\/wp-json\/wp\/v2\/pages\/1430\/revisions"}],"predecessor-version":[{"id":1467,"href":"https:\/\/bcndressage.com\/es\/wp-json\/wp\/v2\/pages\/1430\/revisions\/1467"}],"wp:attachment":[{"href":"https:\/\/bcndressage.com\/es\/wp-json\/wp\/v2\/media?parent=1430"}],"curies":[{"name":"wp","href":"https:\/\/api.w.org\/{rel}","templated":true}]}}