{"id":1428,"date":"2023-10-19T08:16:12","date_gmt":"2023-10-19T08:16:12","guid":{"rendered":"https:\/\/bcndressage.com\/nuestro-equipo"},"modified":"2024-07-04T09:01:53","modified_gmt":"2024-07-04T09:01:53","slug":"nuestro-equipo","status":"publish","type":"page","link":"https:\/\/bcndressage.com\/es\/nuestro-equipo","title":{"rendered":"Equipo"},"content":{"rendered":"\t\t<div data-elementor-type=\"wp-page\" data-elementor-id=\"1428\" class=\"elementor elementor-1428 elementor-67\" data-elementor-post-type=\"page\">\n\t\t\t\t\t\t\t<div class=\"elementor-element elementor-element-d115c0f e-flex e-con-boxed e-con e-parent\" data-id=\"d115c0f\" data-element_type=\"container\" data-settings=\"{&quot;background_background&quot;:&quot;classic&quot;,&quot;container_type&quot;:&quot;flex&quot;,&quot;content_width&quot;:&quot;boxed&quot;}\" data-core-v316-plus=\"true\">\n\t\t\t\t\t<div class=\"e-con-inner\">\n\t\t<div class=\"elementor-element elementor-element-bf3cebe e-con-full e-flex e-con e-child\" data-id=\"bf3cebe\" data-element_type=\"container\" data-settings=\"{&quot;content_width&quot;:&quot;full&quot;,&quot;container_type&quot;:&quot;flex&quot;}\">\n\t\t\t\t<div class=\"elementor-element elementor-element-030402d elementor-widget elementor-widget-heading\" data-id=\"030402d\" data-element_type=\"widget\" data-widget_type=\"heading.default\">\n\t\t\t\t<div class=\"elementor-widget-container\">\n\t\t\t<style>\/*! elementor - v3.16.0 - 17-10-2023 *\/\n.elementor-heading-title{padding:0;margin:0;line-height:1}.elementor-widget-heading .elementor-heading-title[class*=elementor-size-]>a{color:inherit;font-size:inherit;line-height:inherit}.elementor-widget-heading .elementor-heading-title.elementor-size-small{font-size:15px}.elementor-widget-heading .elementor-heading-title.elementor-size-medium{font-size:19px}.elementor-widget-heading .elementor-heading-title.elementor-size-large{font-size:29px}.elementor-widget-heading .elementor-heading-title.elementor-size-xl{font-size:39px}.elementor-widget-heading .elementor-heading-title.elementor-size-xxl{font-size:59px}<\/style><h2 class=\"elementor-heading-title elementor-size-default\">Nuestro<br>equipo<\/h2>\t\t<\/div>\n\t\t\t\t<\/div>\n\t\t\t\t<\/div>\n\t\t<div class=\"elementor-element elementor-element-bff3a80 e-con-full e-flex e-con e-child\" data-id=\"bff3a80\" data-element_type=\"container\" data-settings=\"{&quot;content_width&quot;:&quot;full&quot;,&quot;background_background&quot;:&quot;classic&quot;,&quot;container_type&quot;:&quot;flex&quot;}\">\n\t\t\t\t<\/div>\n\t\t\t\t\t<\/div>\n\t\t\t\t<\/div>\n\t\t<div class=\"elementor-element elementor-element-b733d14 e-flex e-con-boxed e-con e-parent\" data-id=\"b733d14\" data-element_type=\"container\" data-settings=\"{&quot;background_background&quot;:&quot;classic&quot;,&quot;container_type&quot;:&quot;flex&quot;,&quot;content_width&quot;:&quot;boxed&quot;}\" data-core-v316-plus=\"true\">\n\t\t\t\t\t<div class=\"e-con-inner\">\n\t\t<div class=\"elementor-element elementor-element-fcaf6dc e-con-full e-flex e-con e-child\" data-id=\"fcaf6dc\" data-element_type=\"container\" data-settings=\"{&quot;content_width&quot;:&quot;full&quot;,&quot;container_type&quot;:&quot;flex&quot;}\">\n\t\t<div class=\"elementor-element elementor-element-06a3689 e-flex e-con-boxed e-con e-child\" data-id=\"06a3689\" data-element_type=\"container\" data-settings=\"{&quot;container_type&quot;:&quot;flex&quot;,&quot;content_width&quot;:&quot;boxed&quot;}\">\n\t\t\t\t\t<div class=\"e-con-inner\">\n\t\t\t\t<div class=\"elementor-element elementor-element-7fe6e30 elementor-widget__width-initial elementor-widget elementor-widget-image\" data-id=\"7fe6e30\" data-element_type=\"widget\" data-widget_type=\"image.default\">\n\t\t\t\t<div class=\"elementor-widget-container\">\n\t\t\t<style>\/*! elementor - v3.16.0 - 17-10-2023 *\/\n.elementor-widget-image{text-align:center}.elementor-widget-image a{display:inline-block}.elementor-widget-image a img[src$=\".svg\"]{width:48px}.elementor-widget-image img{vertical-align:middle;display:inline-block}<\/style>\t\t\t\t\t\t\t\t\t\t\t\t<img loading=\"lazy\" decoding=\"async\" width=\"257\" height=\"259\" src=\"https:\/\/bcndressage.com\/wp-content\/uploads\/2024\/03\/martag_equipo-2.webp\" class=\"attachment-full size-full wp-image-1130\" alt=\"\" srcset=\"https:\/\/bcndressage.com\/wp-content\/uploads\/2024\/03\/martag_equipo-2.webp 257w, https:\/\/bcndressage.com\/wp-content\/uploads\/2024\/03\/martag_equipo-2-150x150.webp 150w\" sizes=\"auto, (max-width: 257px) 100vw, 257px\" \/>\t\t\t\t\t\t\t\t\t\t\t\t\t\t\t<\/div>\n\t\t\t\t<\/div>\n\t\t<div class=\"elementor-element elementor-element-12210ad e-flex e-con-boxed e-con e-child\" data-id=\"12210ad\" data-element_type=\"container\" data-settings=\"{&quot;container_type&quot;:&quot;flex&quot;,&quot;content_width&quot;:&quot;boxed&quot;}\">\n\t\t\t\t\t<div class=\"e-con-inner\">\n\t\t\t\t<div class=\"elementor-element elementor-element-844dfc2 elementor-widget elementor-widget-heading\" data-id=\"844dfc2\" data-element_type=\"widget\" data-widget_type=\"heading.default\">\n\t\t\t\t<div class=\"elementor-widget-container\">\n\t\t\t<h2 class=\"elementor-heading-title elementor-size-default\">Marta Bada<\/h2>\t\t<\/div>\n\t\t\t\t<\/div>\n\t\t\t\t<div class=\"elementor-element elementor-element-93a8ec6 elementor-widget__width-initial elementor-widget elementor-widget-text-editor\" data-id=\"93a8ec6\" data-element_type=\"widget\" data-widget_type=\"text-editor.default\">\n\t\t\t\t<div class=\"elementor-widget-container\">\n\t\t\t<style>\/*! elementor - v3.16.0 - 17-10-2023 *\/\n.elementor-widget-text-editor.elementor-drop-cap-view-stacked .elementor-drop-cap{background-color:#69727d;color:#fff}.elementor-widget-text-editor.elementor-drop-cap-view-framed .elementor-drop-cap{color:#69727d;border:3px solid;background-color:transparent}.elementor-widget-text-editor:not(.elementor-drop-cap-view-default) .elementor-drop-cap{margin-top:8px}.elementor-widget-text-editor:not(.elementor-drop-cap-view-default) .elementor-drop-cap-letter{width:1em;height:1em}.elementor-widget-text-editor .elementor-drop-cap{float:left;text-align:center;line-height:1;font-size:50px}.elementor-widget-text-editor .elementor-drop-cap-letter{display:inline-block}<\/style>\t\t\t\t<p>Marta es jinete y entrenadora de caballos en BCN Dressage. Tambi\u00e9n es una preparadora de alto nivel con amplios conocimientos en el cuidado y gesti\u00f3n de caballos de alto nivel en competici\u00f3n y en casa. Gan\u00f3 varias veces a nivel internacional como jinete joven y ahora compite con su caballo Testarossa BCN a nivel de caballos j\u00f3venes con grandes resultados.<\/p>\n\t\t\t\t\t\t<\/div>\n\t\t\t\t<\/div>\n\t\t\t\t<div class=\"elementor-element elementor-element-c6a50ba elementor-widget elementor-widget-button\" data-id=\"c6a50ba\" data-element_type=\"widget\" data-widget_type=\"button.default\">\n\t\t\t\t<div class=\"elementor-widget-container\">\n\t\t\t\t\t<div class=\"elementor-button-wrapper\">\n\t\t\t<a class=\"elementor-button elementor-button-link elementor-size-sm\" href=\"https:\/\/www.instagram.com\/marta.bada\/\" target=\"_blank\">\n\t\t\t\t\t\t<span class=\"elementor-button-content-wrapper\">\n\t\t\t\t\t\t<span class=\"elementor-button-text\">instagram<\/span>\n\t\t<\/span>\n\t\t\t\t\t<\/a>\n\t\t<\/div>\n\t\t\t\t<\/div>\n\t\t\t\t<\/div>\n\t\t\t\t\t<\/div>\n\t\t\t\t<\/div>\n\t\t\t\t\t<\/div>\n\t\t\t\t<\/div>\n\t\t<div class=\"elementor-element elementor-element-99b0fbd e-flex e-con-boxed e-con e-child\" data-id=\"99b0fbd\" data-element_type=\"container\" data-settings=\"{&quot;container_type&quot;:&quot;flex&quot;,&quot;content_width&quot;:&quot;boxed&quot;}\">\n\t\t\t\t\t<div class=\"e-con-inner\">\n\t\t\t\t<div class=\"elementor-element elementor-element-f40d14a elementor-widget__width-initial elementor-widget elementor-widget-image\" data-id=\"f40d14a\" data-element_type=\"widget\" data-widget_type=\"image.default\">\n\t\t\t\t<div class=\"elementor-widget-container\">\n\t\t\t\t\t\t\t\t\t\t\t\t\t\t\t<img loading=\"lazy\" decoding=\"async\" width=\"257\" height=\"259\" src=\"https:\/\/bcndressage.com\/wp-content\/uploads\/2024\/03\/carla_equipo.webp\" class=\"attachment-full size-full wp-image-1123\" alt=\"\" srcset=\"https:\/\/bcndressage.com\/wp-content\/uploads\/2024\/03\/carla_equipo.webp 257w, https:\/\/bcndressage.com\/wp-content\/uploads\/2024\/03\/carla_equipo-150x150.webp 150w\" sizes=\"auto, (max-width: 257px) 100vw, 257px\" \/>\t\t\t\t\t\t\t\t\t\t\t\t\t\t\t<\/div>\n\t\t\t\t<\/div>\n\t\t<div class=\"elementor-element elementor-element-a1f47b9 e-flex e-con-boxed e-con e-child\" data-id=\"a1f47b9\" data-element_type=\"container\" data-settings=\"{&quot;container_type&quot;:&quot;flex&quot;,&quot;content_width&quot;:&quot;boxed&quot;}\">\n\t\t\t\t\t<div class=\"e-con-inner\">\n\t\t\t\t<div class=\"elementor-element elementor-element-0c05fab elementor-widget elementor-widget-heading\" data-id=\"0c05fab\" data-element_type=\"widget\" data-widget_type=\"heading.default\">\n\t\t\t\t<div class=\"elementor-widget-container\">\n\t\t\t<h2 class=\"elementor-heading-title elementor-size-default\">Carla Mart\u00ednez<\/h2>\t\t<\/div>\n\t\t\t\t<\/div>\n\t\t\t\t<div class=\"elementor-element elementor-element-50dd81f elementor-widget__width-initial elementor-widget elementor-widget-text-editor\" data-id=\"50dd81f\" data-element_type=\"widget\" data-widget_type=\"text-editor.default\">\n\t\t\t\t<div class=\"elementor-widget-container\">\n\t\t\t\t\t\t\tCarla es nuestra Jefa de Cuadras y preparadora para competiciones internacionales. Est\u00e1 a cargo de nuestro BCN EQUINE SPA &amp; WELLNESS FACILITY y de los caballos de trabajo en nuestro Activo-Med Aqua-trainer.\nCuenta con una amplia experiencia en el cuidado y la gesti\u00f3n de alto nivel de caballos de deporte de alta competici\u00f3n internacional despu\u00e9s de pasar alg\u00fan tiempo trabajando en Villa Equus, entre otros establos de renombre.\t\t\t\t\t\t<\/div>\n\t\t\t\t<\/div>\n\t\t\t\t<div class=\"elementor-element elementor-element-549f001 elementor-widget elementor-widget-button\" data-id=\"549f001\" data-element_type=\"widget\" data-widget_type=\"button.default\">\n\t\t\t\t<div class=\"elementor-widget-container\">\n\t\t\t\t\t<div class=\"elementor-button-wrapper\">\n\t\t\t<a class=\"elementor-button elementor-button-link elementor-size-sm\" href=\"https:\/\/www.instagram.com\/carlambrea\/\" target=\"_blank\">\n\t\t\t\t\t\t<span class=\"elementor-button-content-wrapper\">\n\t\t\t\t\t\t<span class=\"elementor-button-text\">instagram<\/span>\n\t\t<\/span>\n\t\t\t\t\t<\/a>\n\t\t<\/div>\n\t\t\t\t<\/div>\n\t\t\t\t<\/div>\n\t\t\t\t\t<\/div>\n\t\t\t\t<\/div>\n\t\t\t\t\t<\/div>\n\t\t\t\t<\/div>\n\t\t\t\t<\/div>\n\t\t<div class=\"elementor-element elementor-element-b9e2177 e-con-full e-flex e-con e-child\" data-id=\"b9e2177\" data-element_type=\"container\" data-settings=\"{&quot;content_width&quot;:&quot;full&quot;,&quot;container_type&quot;:&quot;flex&quot;}\">\n\t\t<div class=\"elementor-element elementor-element-c5d41c5 e-flex e-con-boxed e-con e-child\" data-id=\"c5d41c5\" data-element_type=\"container\" data-settings=\"{&quot;container_type&quot;:&quot;flex&quot;,&quot;content_width&quot;:&quot;boxed&quot;}\">\n\t\t\t\t\t<div class=\"e-con-inner\">\n\t\t\t\t<div class=\"elementor-element elementor-element-b1459f9 elementor-widget__width-initial elementor-widget elementor-widget-image\" data-id=\"b1459f9\" data-element_type=\"widget\" data-widget_type=\"image.default\">\n\t\t\t\t<div class=\"elementor-widget-container\">\n\t\t\t\t\t\t\t\t\t\t\t\t\t\t\t<img loading=\"lazy\" decoding=\"async\" width=\"257\" height=\"259\" src=\"https:\/\/bcndressage.com\/wp-content\/uploads\/2024\/03\/adbdul-roberto.webp\" class=\"attachment-full size-full wp-image-1144\" alt=\"\" srcset=\"https:\/\/bcndressage.com\/wp-content\/uploads\/2024\/03\/adbdul-roberto.webp 257w, https:\/\/bcndressage.com\/wp-content\/uploads\/2024\/03\/adbdul-roberto-150x150.webp 150w\" sizes=\"auto, (max-width: 257px) 100vw, 257px\" \/>\t\t\t\t\t\t\t\t\t\t\t\t\t\t\t<\/div>\n\t\t\t\t<\/div>\n\t\t<div class=\"elementor-element elementor-element-25c736a e-flex e-con-boxed e-con e-child\" data-id=\"25c736a\" data-element_type=\"container\" data-settings=\"{&quot;container_type&quot;:&quot;flex&quot;,&quot;content_width&quot;:&quot;boxed&quot;}\">\n\t\t\t\t\t<div class=\"e-con-inner\">\n\t\t\t\t<div class=\"elementor-element elementor-element-e7fb46b elementor-widget elementor-widget-heading\" data-id=\"e7fb46b\" data-element_type=\"widget\" data-widget_type=\"heading.default\">\n\t\t\t\t<div class=\"elementor-widget-container\">\n\t\t\t<h2 class=\"elementor-heading-title elementor-size-default\">Abdul and Roberto<\/h2>\t\t<\/div>\n\t\t\t\t<\/div>\n\t\t\t\t<div class=\"elementor-element elementor-element-7bee506 elementor-widget__width-initial elementor-widget elementor-widget-text-editor\" data-id=\"7bee506\" data-element_type=\"widget\" data-widget_type=\"text-editor.default\">\n\t\t\t\t<div class=\"elementor-widget-container\">\n\t\t\t\t\t\t\t<p class=\"p2\">Roberto y Abdul forman parte de nuestro equipo de mantenimiento asegur\u00e1ndose de que todo en BCN Dressage est\u00e1 bien hecho. Se encargan de alimentar y limpiar los establos y de mantener el patio de cuadras en buen estado. Son miembros leales y muy importantes de nuestro equipo.<\/p>\n\t\t\t\t\t\t<\/div>\n\t\t\t\t<\/div>\n\t\t\t\t\t<\/div>\n\t\t\t\t<\/div>\n\t\t\t\t\t<\/div>\n\t\t\t\t<\/div>\n\t\t<div class=\"elementor-element elementor-element-2353216 e-flex e-con-boxed e-con e-child\" data-id=\"2353216\" data-element_type=\"container\" data-settings=\"{&quot;container_type&quot;:&quot;flex&quot;,&quot;content_width&quot;:&quot;boxed&quot;}\">\n\t\t\t\t\t<div class=\"e-con-inner\">\n\t\t\t\t<div class=\"elementor-element elementor-element-1ae5509 elementor-widget__width-initial elementor-widget elementor-widget-image\" data-id=\"1ae5509\" data-element_type=\"widget\" data-widget_type=\"image.default\">\n\t\t\t\t<div class=\"elementor-widget-container\">\n\t\t\t\t\t\t\t\t\t\t\t\t\t\t\t<img loading=\"lazy\" decoding=\"async\" width=\"257\" height=\"259\" src=\"https:\/\/bcndressage.com\/wp-content\/uploads\/2024\/03\/joan_equipo.webp\" class=\"attachment-full size-full wp-image-1125\" alt=\"\" srcset=\"https:\/\/bcndressage.com\/wp-content\/uploads\/2024\/03\/joan_equipo.webp 257w, https:\/\/bcndressage.com\/wp-content\/uploads\/2024\/03\/joan_equipo-150x150.webp 150w\" sizes=\"auto, (max-width: 257px) 100vw, 257px\" \/>\t\t\t\t\t\t\t\t\t\t\t\t\t\t\t<\/div>\n\t\t\t\t<\/div>\n\t\t<div class=\"elementor-element elementor-element-4d7bd8e e-flex e-con-boxed e-con e-child\" data-id=\"4d7bd8e\" data-element_type=\"container\" data-settings=\"{&quot;container_type&quot;:&quot;flex&quot;,&quot;content_width&quot;:&quot;boxed&quot;}\">\n\t\t\t\t\t<div class=\"e-con-inner\">\n\t\t\t\t<div class=\"elementor-element elementor-element-6075b46 elementor-widget elementor-widget-heading\" data-id=\"6075b46\" data-element_type=\"widget\" data-widget_type=\"heading.default\">\n\t\t\t\t<div class=\"elementor-widget-container\">\n\t\t\t<h2 class=\"elementor-heading-title elementor-size-default\">Joan del Sol<\/h2>\t\t<\/div>\n\t\t\t\t<\/div>\n\t\t\t\t<div class=\"elementor-element elementor-element-4ca5a8c elementor-widget__width-initial elementor-widget elementor-widget-text-editor\" data-id=\"4ca5a8c\" data-element_type=\"widget\" data-widget_type=\"text-editor.default\">\n\t\t\t\t<div class=\"elementor-widget-container\">\n\t\t\t\t\t\t\t<p class=\"p2\">Joan se incorpor\u00f3 a BCN Horses en 2022. Nacido en Barcelona, es un miembro clave que cuida de todos nuestros caballos de la mejor manera posible. Es una persona atenta y entregada, con una gran energ\u00eda, que siempre est\u00e1 contenta y es un miembro muy importante de nuestro equipo. Joan habla perfectamente espa\u00f1ol, catal\u00e1n e ingl\u00e9s.<\/p>\n\t\t\t\t\t\t<\/div>\n\t\t\t\t<\/div>\n\t\t\t\t\t<\/div>\n\t\t\t\t<\/div>\n\t\t\t\t\t<\/div>\n\t\t\t\t<\/div>\n\t\t\t\t<\/div>\n\t\t<div class=\"elementor-element elementor-element-7b9923c e-con-full e-flex e-con e-child\" data-id=\"7b9923c\" data-element_type=\"container\" data-settings=\"{&quot;content_width&quot;:&quot;full&quot;,&quot;container_type&quot;:&quot;flex&quot;}\">\n\t\t<div class=\"elementor-element elementor-element-f378391 e-flex e-con-boxed e-con e-child\" data-id=\"f378391\" data-element_type=\"container\" data-settings=\"{&quot;container_type&quot;:&quot;flex&quot;,&quot;content_width&quot;:&quot;boxed&quot;}\">\n\t\t\t\t\t<div class=\"e-con-inner\">\n\t\t\t\t<div class=\"elementor-element elementor-element-124ddb4 elementor-widget__width-initial elementor-widget elementor-widget-image\" data-id=\"124ddb4\" data-element_type=\"widget\" data-widget_type=\"image.default\">\n\t\t\t\t<div class=\"elementor-widget-container\">\n\t\t\t\t\t\t\t\t\t\t\t\t\t\t\t<img loading=\"lazy\" decoding=\"async\" width=\"257\" height=\"259\" src=\"https:\/\/bcndressage.com\/wp-content\/uploads\/2024\/03\/martag_equipo-23webp.webp\" class=\"attachment-full size-full wp-image-1134\" alt=\"\" srcset=\"https:\/\/bcndressage.com\/wp-content\/uploads\/2024\/03\/martag_equipo-23webp.webp 257w, https:\/\/bcndressage.com\/wp-content\/uploads\/2024\/03\/martag_equipo-23webp-150x150.webp 150w\" sizes=\"auto, (max-width: 257px) 100vw, 257px\" \/>\t\t\t\t\t\t\t\t\t\t\t\t\t\t\t<\/div>\n\t\t\t\t<\/div>\n\t\t<div class=\"elementor-element elementor-element-acd1aa9 e-flex e-con-boxed e-con e-child\" data-id=\"acd1aa9\" data-element_type=\"container\" data-settings=\"{&quot;container_type&quot;:&quot;flex&quot;,&quot;content_width&quot;:&quot;boxed&quot;}\">\n\t\t\t\t\t<div class=\"e-con-inner\">\n\t\t\t\t<div class=\"elementor-element elementor-element-4596565 elementor-widget elementor-widget-heading\" data-id=\"4596565\" data-element_type=\"widget\" data-widget_type=\"heading.default\">\n\t\t\t\t<div class=\"elementor-widget-container\">\n\t\t\t<h2 class=\"elementor-heading-title elementor-size-default\">Marta Gonzalez<\/h2>\t\t<\/div>\n\t\t\t\t<\/div>\n\t\t\t\t<div class=\"elementor-element elementor-element-4a209a3 elementor-widget__width-initial elementor-widget elementor-widget-text-editor\" data-id=\"4a209a3\" data-element_type=\"widget\" data-widget_type=\"text-editor.default\">\n\t\t\t\t<div class=\"elementor-widget-container\">\n\t\t\t\t\t\t\t<p>Marta es un miembro inestimable de BCN Dressage desde sus comienzos montando aqu\u00ed en nuestras instalaciones que se remontan a los a\u00f1os 90. Marta tiene amplios conocimientos sobre el funcionamiento de nuestras instalaciones y es el principal contacto de direcci\u00f3n y oficina para cualquier consulta.<\/p>\n\t\t\t\t\t\t<\/div>\n\t\t\t\t<\/div>\n\t\t\t\t\t<\/div>\n\t\t\t\t<\/div>\n\t\t\t\t\t<\/div>\n\t\t\t\t<\/div>\n\t\t<div class=\"elementor-element elementor-element-1c4a81d e-flex e-con-boxed e-con e-child\" data-id=\"1c4a81d\" data-element_type=\"container\" data-settings=\"{&quot;container_type&quot;:&quot;flex&quot;,&quot;content_width&quot;:&quot;boxed&quot;}\">\n\t\t\t\t\t<div class=\"e-con-inner\">\n\t\t\t\t<div class=\"elementor-element elementor-element-6e13234 elementor-widget__width-initial elementor-widget elementor-widget-image\" data-id=\"6e13234\" data-element_type=\"widget\" data-widget_type=\"image.default\">\n\t\t\t\t<div class=\"elementor-widget-container\">\n\t\t\t\t\t\t\t\t\t\t\t\t\t\t\t<img loading=\"lazy\" decoding=\"async\" width=\"257\" height=\"259\" src=\"https:\/\/bcndressage.com\/wp-content\/uploads\/2024\/03\/equipo-bcn.webp\" class=\"attachment-full size-full wp-image-1237\" alt=\"\" srcset=\"https:\/\/bcndressage.com\/wp-content\/uploads\/2024\/03\/equipo-bcn.webp 257w, https:\/\/bcndressage.com\/wp-content\/uploads\/2024\/03\/equipo-bcn-150x150.webp 150w\" sizes=\"auto, (max-width: 257px) 100vw, 257px\" \/>\t\t\t\t\t\t\t\t\t\t\t\t\t\t\t<\/div>\n\t\t\t\t<\/div>\n\t\t<div class=\"elementor-element elementor-element-39da6a9 e-flex e-con-boxed e-con e-child\" data-id=\"39da6a9\" data-element_type=\"container\" data-settings=\"{&quot;container_type&quot;:&quot;flex&quot;,&quot;content_width&quot;:&quot;boxed&quot;}\">\n\t\t\t\t\t<div class=\"e-con-inner\">\n\t\t\t\t<div class=\"elementor-element elementor-element-7165e84 elementor-widget elementor-widget-heading\" data-id=\"7165e84\" data-element_type=\"widget\" data-widget_type=\"heading.default\">\n\t\t\t\t<div class=\"elementor-widget-container\">\n\t\t\t<h2 class=\"elementor-heading-title elementor-size-default\">Ismael<\/h2>\t\t<\/div>\n\t\t\t\t<\/div>\n\t\t\t\t<div class=\"elementor-element elementor-element-19adc6a elementor-widget__width-initial elementor-widget elementor-widget-text-editor\" data-id=\"19adc6a\" data-element_type=\"widget\" data-widget_type=\"text-editor.default\">\n\t\t\t\t<div class=\"elementor-widget-container\">\n\t\t\t\t\t\t\tIsmael es el nuevo miembro de BCN Dressage.\nSe encarga de los caballos que montan Cristina y Ad\u00e1n y es una incorporaci\u00f3n muy apreciada a nuestra cuadra.\nIsmael ayuda con la alimentaci\u00f3n y el cuidado de todos nuestros caballos, adem\u00e1s de algunas tareas importantes de mantenimiento.\n\t\t\t\t\t\t<\/div>\n\t\t\t\t<\/div>\n\t\t\t\t\t<\/div>\n\t\t\t\t<\/div>\n\t\t\t\t\t<\/div>\n\t\t\t\t<\/div>\n\t\t\t\t<\/div>\n\t\t\t\t\t<\/div>\n\t\t\t\t<\/div>\n\t\t\t\t\t\t\t<\/div>\n\t\t","protected":false},"excerpt":{"rendered":"<p>Nuestroequipo Marta Bada Marta es jinete y entrenadora de caballos en BCN Dressage. Tambi\u00e9n es una preparadora de alto nivel con amplios conocimientos en el cuidado y gesti\u00f3n de caballos de alto nivel en competici\u00f3n y en casa. Gan\u00f3 varias veces a nivel internacional como jinete joven y ahora compite con su caballo Testarossa BCN [&hellip;]<\/p>\n","protected":false},"author":2,"featured_media":0,"parent":0,"menu_order":0,"comment_status":"closed","ping_status":"closed","template":"","meta":{"footnotes":""},"class_list":["post-1428","page","type-page","status-publish","hentry"],"_links":{"self":[{"href":"https:\/\/bcndressage.com\/es\/wp-json\/wp\/v2\/pages\/1428","targetHints":{"allow":["GET"]}}],"collection":[{"href":"https:\/\/bcndressage.com\/es\/wp-json\/wp\/v2\/pages"}],"about":[{"href":"https:\/\/bcndressage.com\/es\/wp-json\/wp\/v2\/types\/page"}],"author":[{"embeddable":true,"href":"https:\/\/bcndressage.com\/es\/wp-json\/wp\/v2\/users\/2"}],"replies":[{"embeddable":true,"href":"https:\/\/bcndressage.com\/es\/wp-json\/wp\/v2\/comments?post=1428"}],"version-history":[{"count":4,"href":"https:\/\/bcndressage.com\/es\/wp-json\/wp\/v2\/pages\/1428\/revisions"}],"predecessor-version":[{"id":1463,"href":"https:\/\/bcndressage.com\/es\/wp-json\/wp\/v2\/pages\/1428\/revisions\/1463"}],"wp:attachment":[{"href":"https:\/\/bcndressage.com\/es\/wp-json\/wp\/v2\/media?parent=1428"}],"curies":[{"name":"wp","href":"https:\/\/api.w.org\/{rel}","templated":true}]}}