{"id":1422,"date":"2024-03-22T08:09:49","date_gmt":"2024-03-22T08:09:49","guid":{"rendered":"https:\/\/bcndressage.com\/bcn-equine-spa-wellness"},"modified":"2024-07-15T06:46:39","modified_gmt":"2024-07-15T06:46:39","slug":"bcn-equine-spa-wellness","status":"publish","type":"page","link":"https:\/\/bcndressage.com\/es\/bcn-equine-spa-wellness","title":{"rendered":"BCN EQUINE SPA &amp; Wellness"},"content":{"rendered":"\t\t<div data-elementor-type=\"wp-page\" data-elementor-id=\"1422\" class=\"elementor elementor-1422 elementor-1241\" data-elementor-post-type=\"page\">\n\t\t\t\t\t\t\t<div class=\"elementor-element elementor-element-c644576 e-flex e-con-boxed e-con e-parent\" data-id=\"c644576\" data-element_type=\"container\" data-settings=\"{&quot;background_background&quot;:&quot;video&quot;,&quot;background_video_link&quot;:&quot;http:\\\/\\\/bcndressage.com\\\/wp-content\\\/uploads\\\/2024\\\/03\\\/Horizontal-Promo-Spa.mp4&quot;,&quot;background_play_on_mobile&quot;:&quot;yes&quot;,&quot;container_type&quot;:&quot;flex&quot;,&quot;content_width&quot;:&quot;boxed&quot;}\" data-core-v316-plus=\"true\">\n\t\t\t\t\t<div class=\"e-con-inner\">\n\t\t<div class=\"elementor-background-video-container\">\n\t\t\t\t\t\t\t<video class=\"elementor-background-video-hosted elementor-html5-video\" autoplay muted playsinline loop><\/video>\n\t\t\t\t\t<\/div><div class=\"elementor-element elementor-element-fb3f852 e-con-full e-flex e-con e-child\" data-id=\"fb3f852\" data-element_type=\"container\" data-settings=\"{&quot;content_width&quot;:&quot;full&quot;,&quot;container_type&quot;:&quot;flex&quot;}\">\n\t\t\t\t<div class=\"elementor-element elementor-element-9e6c2d4 elementor-widget elementor-widget-heading\" data-id=\"9e6c2d4\" data-element_type=\"widget\" data-widget_type=\"heading.default\">\n\t\t\t\t<div class=\"elementor-widget-container\">\n\t\t\t<style>\/*! elementor - v3.16.0 - 17-10-2023 *\/\n.elementor-heading-title{padding:0;margin:0;line-height:1}.elementor-widget-heading .elementor-heading-title[class*=elementor-size-]>a{color:inherit;font-size:inherit;line-height:inherit}.elementor-widget-heading .elementor-heading-title.elementor-size-small{font-size:15px}.elementor-widget-heading .elementor-heading-title.elementor-size-medium{font-size:19px}.elementor-widget-heading .elementor-heading-title.elementor-size-large{font-size:29px}.elementor-widget-heading .elementor-heading-title.elementor-size-xl{font-size:39px}.elementor-widget-heading .elementor-heading-title.elementor-size-xxl{font-size:59px}<\/style><h1 class=\"elementor-heading-title elementor-size-default\">BCN EQUINE SPA &amp; Wellness<\/h1>\t\t<\/div>\n\t\t\t\t<\/div>\n\t\t\t\t<\/div>\n\t\t<div class=\"elementor-element elementor-element-6dca5e1 e-con-full e-flex e-con e-child\" data-id=\"6dca5e1\" data-element_type=\"container\" data-settings=\"{&quot;content_width&quot;:&quot;full&quot;,&quot;background_background&quot;:&quot;classic&quot;,&quot;container_type&quot;:&quot;flex&quot;}\">\n\t\t\t\t<\/div>\n\t\t\t\t\t<\/div>\n\t\t\t\t<\/div>\n\t\t<div class=\"elementor-element elementor-element-2430abc e-flex e-con-boxed e-con e-parent\" data-id=\"2430abc\" data-element_type=\"container\" data-settings=\"{&quot;background_background&quot;:&quot;classic&quot;,&quot;container_type&quot;:&quot;flex&quot;,&quot;content_width&quot;:&quot;boxed&quot;}\" data-core-v316-plus=\"true\">\n\t\t\t\t\t<div class=\"e-con-inner\">\n\t\t\t\t<div class=\"elementor-element elementor-element-40d134a elementor-widget elementor-widget-text-editor\" data-id=\"40d134a\" data-element_type=\"widget\" data-widget_type=\"text-editor.default\">\n\t\t\t\t<div class=\"elementor-widget-container\">\n\t\t\t<style>\/*! elementor - v3.16.0 - 17-10-2023 *\/\n.elementor-widget-text-editor.elementor-drop-cap-view-stacked .elementor-drop-cap{background-color:#69727d;color:#fff}.elementor-widget-text-editor.elementor-drop-cap-view-framed .elementor-drop-cap{color:#69727d;border:3px solid;background-color:transparent}.elementor-widget-text-editor:not(.elementor-drop-cap-view-default) .elementor-drop-cap{margin-top:8px}.elementor-widget-text-editor:not(.elementor-drop-cap-view-default) .elementor-drop-cap-letter{width:1em;height:1em}.elementor-widget-text-editor .elementor-drop-cap{float:left;text-align:center;line-height:1;font-size:50px}.elementor-widget-text-editor .elementor-drop-cap-letter{display:inline-block}<\/style>\t\t\t\t<p>Podemos organizar un paquete de rehabilitaci\u00f3n mensual formalizado para todas las necesidades de sus caballos. Esto puede incluir sesiones regulares de Aqua-training, tratamientos INDIBA, sesiones de solarium, visitas al veterinario y fisioterapia.<\/p>\n\t\t\t\t\t\t<\/div>\n\t\t\t\t<\/div>\n\t\t\t\t<div class=\"elementor-element elementor-element-789b06e elementor-widget elementor-widget-text-editor\" data-id=\"789b06e\" data-element_type=\"widget\" data-widget_type=\"text-editor.default\">\n\t\t\t\t<div class=\"elementor-widget-container\">\n\t\t\t\t\t\t\t<p>Se alquila<\/p>\n\t\t\t\t\t\t<\/div>\n\t\t\t\t<\/div>\n\t\t\t\t<div class=\"elementor-element elementor-element-1cda8f8 elementor-widget elementor-widget-text-editor\" data-id=\"1cda8f8\" data-element_type=\"widget\" data-widget_type=\"text-editor.default\">\n\t\t\t\t<div class=\"elementor-widget-container\">\n\t\t\t\t\t\t\t<p>(P\u00f3ngase en contacto con nosotros para consultar precios y ofertas mensuales de rehabilitaci\u00f3n)<\/p>\n\t\t\t\t\t\t<\/div>\n\t\t\t\t<\/div>\n\t\t\t\t\t<\/div>\n\t\t\t\t<\/div>\n\t\t<div class=\"elementor-element elementor-element-a2188e7 e-flex e-con-boxed e-con e-parent\" data-id=\"a2188e7\" data-element_type=\"container\" data-settings=\"{&quot;container_type&quot;:&quot;flex&quot;,&quot;content_width&quot;:&quot;boxed&quot;}\" data-core-v316-plus=\"true\">\n\t\t\t\t\t<div class=\"e-con-inner\">\n\t\t<div class=\"elementor-element elementor-element-4761b50 e-con-full e-flex e-con e-child\" data-id=\"4761b50\" data-element_type=\"container\" data-settings=\"{&quot;content_width&quot;:&quot;full&quot;,&quot;container_type&quot;:&quot;flex&quot;}\">\n\t\t\t\t<div class=\"elementor-element elementor-element-9a3bc9f elementor-widget elementor-widget-heading\" data-id=\"9a3bc9f\" data-element_type=\"widget\" data-widget_type=\"heading.default\">\n\t\t\t\t<div class=\"elementor-widget-container\">\n\t\t\t<h2 class=\"elementor-heading-title elementor-size-default\">EQUINE AQUA TRAINER - Hidroterapia<\/h2>\t\t<\/div>\n\t\t\t\t<\/div>\n\t\t\t\t<div class=\"elementor-element elementor-element-8c90654 elementor-widget-divider--view-line elementor-widget elementor-widget-divider\" data-id=\"8c90654\" data-element_type=\"widget\" data-widget_type=\"divider.default\">\n\t\t\t\t<div class=\"elementor-widget-container\">\n\t\t\t<style>\/*! elementor - v3.16.0 - 17-10-2023 *\/\n.elementor-widget-divider{--divider-border-style:none;--divider-border-width:1px;--divider-color:#0c0d0e;--divider-icon-size:20px;--divider-element-spacing:10px;--divider-pattern-height:24px;--divider-pattern-size:20px;--divider-pattern-url:none;--divider-pattern-repeat:repeat-x}.elementor-widget-divider .elementor-divider{display:flex}.elementor-widget-divider .elementor-divider__text{font-size:15px;line-height:1;max-width:95%}.elementor-widget-divider .elementor-divider__element{margin:0 var(--divider-element-spacing);flex-shrink:0}.elementor-widget-divider .elementor-icon{font-size:var(--divider-icon-size)}.elementor-widget-divider .elementor-divider-separator{display:flex;margin:0;direction:ltr}.elementor-widget-divider--view-line_icon .elementor-divider-separator,.elementor-widget-divider--view-line_text .elementor-divider-separator{align-items:center}.elementor-widget-divider--view-line_icon .elementor-divider-separator:after,.elementor-widget-divider--view-line_icon .elementor-divider-separator:before,.elementor-widget-divider--view-line_text .elementor-divider-separator:after,.elementor-widget-divider--view-line_text .elementor-divider-separator:before{display:block;content:\"\";border-bottom:0;flex-grow:1;border-top:var(--divider-border-width) var(--divider-border-style) var(--divider-color)}.elementor-widget-divider--element-align-left .elementor-divider .elementor-divider-separator>.elementor-divider__svg:first-of-type{flex-grow:0;flex-shrink:100}.elementor-widget-divider--element-align-left .elementor-divider-separator:before{content:none}.elementor-widget-divider--element-align-left .elementor-divider__element{margin-left:0}.elementor-widget-divider--element-align-right .elementor-divider .elementor-divider-separator>.elementor-divider__svg:last-of-type{flex-grow:0;flex-shrink:100}.elementor-widget-divider--element-align-right .elementor-divider-separator:after{content:none}.elementor-widget-divider--element-align-right .elementor-divider__element{margin-right:0}.elementor-widget-divider:not(.elementor-widget-divider--view-line_text):not(.elementor-widget-divider--view-line_icon) .elementor-divider-separator{border-top:var(--divider-border-width) var(--divider-border-style) var(--divider-color)}.elementor-widget-divider--separator-type-pattern{--divider-border-style:none}.elementor-widget-divider--separator-type-pattern.elementor-widget-divider--view-line .elementor-divider-separator,.elementor-widget-divider--separator-type-pattern:not(.elementor-widget-divider--view-line) .elementor-divider-separator:after,.elementor-widget-divider--separator-type-pattern:not(.elementor-widget-divider--view-line) .elementor-divider-separator:before,.elementor-widget-divider--separator-type-pattern:not([class*=elementor-widget-divider--view]) .elementor-divider-separator{width:100%;min-height:var(--divider-pattern-height);-webkit-mask-size:var(--divider-pattern-size) 100%;mask-size:var(--divider-pattern-size) 100%;-webkit-mask-repeat:var(--divider-pattern-repeat);mask-repeat:var(--divider-pattern-repeat);background-color:var(--divider-color);-webkit-mask-image:var(--divider-pattern-url);mask-image:var(--divider-pattern-url)}.elementor-widget-divider--no-spacing{--divider-pattern-size:auto}.elementor-widget-divider--bg-round{--divider-pattern-repeat:round}.rtl .elementor-widget-divider .elementor-divider__text{direction:rtl}.e-con-inner>.elementor-widget-divider,.e-con>.elementor-widget-divider{width:var(--container-widget-width,100%);--flex-grow:var(--container-widget-flex-grow)}<\/style>\t\t<div class=\"elementor-divider\">\n\t\t\t<span class=\"elementor-divider-separator\">\n\t\t\t\t\t\t<\/span>\n\t\t<\/div>\n\t\t\t\t<\/div>\n\t\t\t\t<\/div>\n\t\t\t\t<div class=\"elementor-element elementor-element-21cd95e elementor-widget elementor-widget-text-editor\" data-id=\"21cd95e\" data-element_type=\"widget\" data-widget_type=\"text-editor.default\">\n\t\t\t\t<div class=\"elementor-widget-container\">\n\t\t\t\t\t\t\t<p class=\"p1\"><span class=\"s1\"><b>La combinaci\u00f3n de movimiento e hidroterapia no s\u00f3lo se complementa a la perfecci\u00f3n, sino que aporta una nueva forma de terapia. <\/b><\/span><b style=\"text-align: var(--text-align); font-size: 1rem;\">El movimiento controlado es la mejor forma de tratar la cojera mientras el agua fr\u00eda refresca y masajea las extremidades del caballo.<\/b><\/p>\n\t\t\t\t\t\t<\/div>\n\t\t\t\t<\/div>\n\t\t\t\t<div class=\"elementor-element elementor-element-2dffac7 elementor-widget elementor-widget-text-editor\" data-id=\"2dffac7\" data-element_type=\"widget\" data-widget_type=\"text-editor.default\">\n\t\t\t\t<div class=\"elementor-widget-container\">\n\t\t\t\t\t\t\t<p><strong>Efectos terap\u00e9uticos:<\/strong><\/p>\n<ul>\n<li>Mejora la resistencia.<\/li>\n<li>Desarrolla la musculatura del dorso.<\/li>\n<li>Fomenta el Self-Carriage.<\/li>\n<li>Entrenamiento sin tensi\u00f3n en articulaciones y tendones<\/li>\n<li>La terapia con fr\u00edo ayuda con las inflaciones y la rigidez.<\/li>\n<li>Ideal para la recuperaci\u00f3n en postoperatorio y de cojeras<\/li>\n<li>Fortalece toda la musculatura del caballo.<\/li>\n<\/ul>\n<p class=\"p4\"><span class=\"s1\">Estas formas complementarias de terapia tambi\u00e9n son especialmente \u00fatiles cuando se trabaja con caballos de deporte. El movimiento en el agua es conocido por sus efectos positivos para el desarrollo muscular y la forma f\u00edsica, especialmente cuando se trabaja en profundidades de agua hasta las articulaciones carpianas, ya que la gravedad se reduce considerablemente en el agua, por lo que disminuye el esfuerzo sobre m\u00fasculos y articulaciones. El agua produce una suave resistencia que ayuda a desarrollar el tono y la fuerza muscular, que se fortalece con la velocidad, mientras que el exceso de esfuerzo se evita gracias a la naturaleza amortiguadora del agua.<\/span><\/p>\n<p class=\"p4\"><span class=\"s1\">Se pueden preparar planes terap\u00e9uticos y de adiestramiento a medida de acuerdo con el asesoramiento veterinario y los deseos del caballo y el cliente.<\/span><\/p>\n\t\t\t\t\t\t<\/div>\n\t\t\t\t<\/div>\n\t\t\t\t<\/div>\n\t\t<div class=\"elementor-element elementor-element-026810c e-flex e-con-boxed e-con e-child\" data-id=\"026810c\" data-element_type=\"container\" data-settings=\"{&quot;container_type&quot;:&quot;flex&quot;,&quot;content_width&quot;:&quot;boxed&quot;}\">\n\t\t\t\t\t<div class=\"e-con-inner\">\n\t\t\t\t<div class=\"elementor-element elementor-element-15cd282 elementor-widget elementor-widget-image\" data-id=\"15cd282\" data-element_type=\"widget\" data-widget_type=\"image.default\">\n\t\t\t\t<div class=\"elementor-widget-container\">\n\t\t\t<style>\/*! elementor - v3.16.0 - 17-10-2023 *\/\n.elementor-widget-image{text-align:center}.elementor-widget-image a{display:inline-block}.elementor-widget-image a img[src$=\".svg\"]{width:48px}.elementor-widget-image img{vertical-align:middle;display:inline-block}<\/style>\t\t\t\t\t\t\t\t\t\t\t\t<img loading=\"lazy\" decoding=\"async\" width=\"397\" height=\"529\" src=\"https:\/\/bcndressage.com\/wp-content\/uploads\/2024\/03\/equine.webp\" class=\"attachment-large size-large wp-image-1245\" alt=\"\" srcset=\"https:\/\/bcndressage.com\/wp-content\/uploads\/2024\/03\/equine.webp 397w, https:\/\/bcndressage.com\/wp-content\/uploads\/2024\/03\/equine-225x300.webp 225w\" sizes=\"auto, (max-width: 397px) 100vw, 397px\" \/>\t\t\t\t\t\t\t\t\t\t\t\t\t\t\t<\/div>\n\t\t\t\t<\/div>\n\t\t\t\t\t<\/div>\n\t\t\t\t<\/div>\n\t\t\t\t\t<\/div>\n\t\t\t\t<\/div>\n\t\t<div class=\"elementor-element elementor-element-6bce880 e-flex e-con-boxed e-con e-parent\" data-id=\"6bce880\" data-element_type=\"container\" data-settings=\"{&quot;container_type&quot;:&quot;flex&quot;,&quot;content_width&quot;:&quot;boxed&quot;}\" data-core-v316-plus=\"true\">\n\t\t\t\t\t<div class=\"e-con-inner\">\n\t\t\t\t<div class=\"elementor-element elementor-element-1e662a7 elementor-widget elementor-widget-heading\" data-id=\"1e662a7\" data-element_type=\"widget\" data-widget_type=\"heading.default\">\n\t\t\t\t<div class=\"elementor-widget-container\">\n\t\t\t<h2 class=\"elementor-heading-title elementor-size-default\">ACTIVO-MED Aquatrainer<\/h2>\t\t<\/div>\n\t\t\t\t<\/div>\n\t\t\t\t<div class=\"elementor-element elementor-element-fae7978 elementor-widget elementor-widget-text-editor\" data-id=\"fae7978\" data-element_type=\"widget\" data-widget_type=\"text-editor.default\">\n\t\t\t\t<div class=\"elementor-widget-container\">\n\t\t\t\t\t\t\t<p>Aqu\u00ed en BCN Equine Spa hemos instalado una m\u00e1quina de primera categor\u00eda de la marca alemana Activo-Med. Se trata de una m\u00e1quina robusta y de alta calidad, lo suficientemente larga como para permitir un movimiento libre con zancadas largas. Adem\u00e1s, hay instalada una unidad de refrigeraci\u00f3n que mantiene el agua a una temperatura estable anual de entre 8 y 12 grados cent\u00edgrados.<\/p>\n<p>El agua fr\u00eda ayuda a reducir la inflamaci\u00f3n y la hinchaz\u00f3n de las articulaciones y es de gran ayuda en la recuperaci\u00f3n de lesiones.<\/p>\n\t\t\t\t\t\t<\/div>\n\t\t\t\t<\/div>\n\t\t\t\t\t<\/div>\n\t\t\t\t<\/div>\n\t\t<div class=\"elementor-element elementor-element-361fb62 e-flex e-con-boxed e-con e-parent\" data-id=\"361fb62\" data-element_type=\"container\" data-settings=\"{&quot;background_background&quot;:&quot;classic&quot;,&quot;container_type&quot;:&quot;flex&quot;,&quot;content_width&quot;:&quot;boxed&quot;}\" data-core-v316-plus=\"true\">\n\t\t\t\t\t<div class=\"e-con-inner\">\n\t\t\t\t<div class=\"elementor-element elementor-element-bc59510 elementor-widget elementor-widget-heading\" data-id=\"bc59510\" data-element_type=\"widget\" data-widget_type=\"heading.default\">\n\t\t\t\t<div class=\"elementor-widget-container\">\n\t\t\t<h2 class=\"elementor-heading-title elementor-size-default\">INDIBA - Una nueva era de rehabilitaci\u00f3n animal<\/h2>\t\t<\/div>\n\t\t\t\t<\/div>\n\t\t\t\t<div class=\"elementor-element elementor-element-1f2dd5c elementor-widget-divider--view-line elementor-widget elementor-widget-divider\" data-id=\"1f2dd5c\" data-element_type=\"widget\" data-widget_type=\"divider.default\">\n\t\t\t\t<div class=\"elementor-widget-container\">\n\t\t\t\t\t<div class=\"elementor-divider\">\n\t\t\t<span class=\"elementor-divider-separator\">\n\t\t\t\t\t\t<\/span>\n\t\t<\/div>\n\t\t\t\t<\/div>\n\t\t\t\t<\/div>\n\t\t\t\t<div class=\"elementor-element elementor-element-ad2d901 elementor-widget elementor-widget-text-editor\" data-id=\"ad2d901\" data-element_type=\"widget\" data-widget_type=\"text-editor.default\">\n\t\t\t\t<div class=\"elementor-widget-container\">\n\t\t\t\t\t\t\t<p class=\"p1\"><span class=\"s1\"><b>Podemos ofrecer tratamientos 3-4 veces por semana para estimular la recuperaci\u00f3n m\u00e1s r\u00e1pida de su caballo.<\/b><\/span><\/p>\n\t\t\t\t\t\t<\/div>\n\t\t\t\t<\/div>\n\t\t<div class=\"elementor-element elementor-element-b16a66e e-flex e-con-boxed e-con e-child\" data-id=\"b16a66e\" data-element_type=\"container\" data-settings=\"{&quot;container_type&quot;:&quot;flex&quot;,&quot;content_width&quot;:&quot;boxed&quot;}\">\n\t\t\t\t\t<div class=\"e-con-inner\">\n\t\t<div class=\"elementor-element elementor-element-ba49d79 e-flex e-con-boxed e-con e-child\" data-id=\"ba49d79\" data-element_type=\"container\" data-settings=\"{&quot;container_type&quot;:&quot;flex&quot;,&quot;content_width&quot;:&quot;boxed&quot;}\">\n\t\t\t\t\t<div class=\"e-con-inner\">\n\t\t\t\t<div class=\"elementor-element elementor-element-630875a elementor-widget elementor-widget-image\" data-id=\"630875a\" data-element_type=\"widget\" data-widget_type=\"image.default\">\n\t\t\t\t<div class=\"elementor-widget-container\">\n\t\t\t\t\t\t\t\t\t\t\t\t\t\t\t<img loading=\"lazy\" decoding=\"async\" width=\"689\" height=\"580\" src=\"https:\/\/bcndressage.com\/wp-content\/uploads\/2024\/03\/indiba.webp\" class=\"attachment-large size-large wp-image-1243\" alt=\"\" srcset=\"https:\/\/bcndressage.com\/wp-content\/uploads\/2024\/03\/indiba.webp 689w, https:\/\/bcndressage.com\/wp-content\/uploads\/2024\/03\/indiba-300x253.webp 300w\" sizes=\"auto, (max-width: 689px) 100vw, 689px\" \/>\t\t\t\t\t\t\t\t\t\t\t\t\t\t\t<\/div>\n\t\t\t\t<\/div>\n\t\t\t\t\t<\/div>\n\t\t\t\t<\/div>\n\t\t<div class=\"elementor-element elementor-element-c664553 e-flex e-con-boxed e-con e-child\" data-id=\"c664553\" data-element_type=\"container\" data-settings=\"{&quot;container_type&quot;:&quot;flex&quot;,&quot;content_width&quot;:&quot;boxed&quot;}\">\n\t\t\t\t\t<div class=\"e-con-inner\">\n\t\t\t\t<div class=\"elementor-element elementor-element-466512b elementor-widget elementor-widget-text-editor\" data-id=\"466512b\" data-element_type=\"widget\" data-widget_type=\"text-editor.default\">\n\t\t\t\t<div class=\"elementor-widget-container\">\n\t\t\t\t\t\t\t<p class=\"p1\"><span class=\"s1\"><b>Tratamiento<\/b><\/span><\/p>\n<p class=\"p3\"><span class=\"s1\">Los usos de INDIBA permiten el manejo terap\u00e9utico de lesiones agudas, subagudas y cr\u00f3nicas, ya sea como m\u00e9todo conservador o postquir\u00fargico, con un tiempo de recuperaci\u00f3n reducido debido a sus efectos bioestimulantes.<\/span><\/p>\n\t\t\t\t\t\t<\/div>\n\t\t\t\t<\/div>\n\t\t\t\t<div class=\"elementor-element elementor-element-cdded43 elementor-widget elementor-widget-text-editor\" data-id=\"cdded43\" data-element_type=\"widget\" data-widget_type=\"text-editor.default\">\n\t\t\t\t<div class=\"elementor-widget-container\">\n\t\t\t\t\t\t\t<p><strong>Efectos terap\u00e9uticos:<\/strong><\/p>\n<ul>\n<li>Tecnolog\u00eda de radiofrecuencia.<\/li>\n<li>Estimula la regeneraci\u00f3n de tejidos y c\u00e9lulas.<\/li>\n<li>Reduce el dolor y la inflamaci\u00f3n.<\/li>\n<li>Acelera la recuperaci\u00f3n de tendones, ligamentos, articulaciones y m\u00fasculos.<\/li>\n<li>Promueve el rendimiento y la prevenci\u00f3n de lesiones.<\/li>\n<li>Aumenta el suministro de ox\u00edgeno a las zonas tratadas.<\/li>\n<\/ul>\n\t\t\t\t\t\t<\/div>\n\t\t\t\t<\/div>\n\t\t\t\t\t<\/div>\n\t\t\t\t<\/div>\n\t\t\t\t\t<\/div>\n\t\t\t\t<\/div>\n\t\t\t\t\t<\/div>\n\t\t\t\t<\/div>\n\t\t<div class=\"elementor-element elementor-element-c041d30 e-flex e-con-boxed e-con e-parent\" data-id=\"c041d30\" data-element_type=\"container\" data-settings=\"{&quot;background_background&quot;:&quot;classic&quot;,&quot;container_type&quot;:&quot;flex&quot;,&quot;content_width&quot;:&quot;boxed&quot;}\" data-core-v316-plus=\"true\">\n\t\t\t\t\t<div class=\"e-con-inner\">\n\t\t<div class=\"elementor-element elementor-element-fbfea0a e-con-full e-flex e-con e-child\" data-id=\"fbfea0a\" data-element_type=\"container\" data-settings=\"{&quot;content_width&quot;:&quot;full&quot;,&quot;container_type&quot;:&quot;flex&quot;}\">\n\t\t\t\t<div class=\"elementor-element elementor-element-b9fc637 elementor-widget elementor-widget-image\" data-id=\"b9fc637\" data-element_type=\"widget\" data-widget_type=\"image.default\">\n\t\t\t\t<div class=\"elementor-widget-container\">\n\t\t\t\t\t\t\t\t\t\t\t\t\t\t\t<img loading=\"lazy\" decoding=\"async\" width=\"400\" height=\"529\" src=\"https:\/\/bcndressage.com\/wp-content\/uploads\/2024\/03\/solarium.webp\" class=\"attachment-large size-large wp-image-1244\" alt=\"\" srcset=\"https:\/\/bcndressage.com\/wp-content\/uploads\/2024\/03\/solarium.webp 400w, https:\/\/bcndressage.com\/wp-content\/uploads\/2024\/03\/solarium-227x300.webp 227w\" sizes=\"auto, (max-width: 400px) 100vw, 400px\" \/>\t\t\t\t\t\t\t\t\t\t\t\t\t\t\t<\/div>\n\t\t\t\t<\/div>\n\t\t\t\t<\/div>\n\t\t<div class=\"elementor-element elementor-element-3971153 e-con-full e-flex e-con e-child\" data-id=\"3971153\" data-element_type=\"container\" data-settings=\"{&quot;content_width&quot;:&quot;full&quot;,&quot;container_type&quot;:&quot;flex&quot;}\">\n\t\t\t\t<div class=\"elementor-element elementor-element-a9c850a elementor-widget elementor-widget-heading\" data-id=\"a9c850a\" data-element_type=\"widget\" data-widget_type=\"heading.default\">\n\t\t\t\t<div class=\"elementor-widget-container\">\n\t\t\t<h2 class=\"elementor-heading-title elementor-size-default\">SOLARIUM<\/h2>\t\t<\/div>\n\t\t\t\t<\/div>\n\t\t\t\t<div class=\"elementor-element elementor-element-49142fb elementor-widget-divider--view-line elementor-widget elementor-widget-divider\" data-id=\"49142fb\" data-element_type=\"widget\" data-widget_type=\"divider.default\">\n\t\t\t\t<div class=\"elementor-widget-container\">\n\t\t\t\t\t<div class=\"elementor-divider\">\n\t\t\t<span class=\"elementor-divider-separator\">\n\t\t\t\t\t\t<\/span>\n\t\t<\/div>\n\t\t\t\t<\/div>\n\t\t\t\t<\/div>\n\t\t\t\t<div class=\"elementor-element elementor-element-5900997 elementor-widget elementor-widget-text-editor\" data-id=\"5900997\" data-element_type=\"widget\" data-widget_type=\"text-editor.default\">\n\t\t\t\t<div class=\"elementor-widget-container\">\n\t\t\t\t\t\t\t<p class=\"p1\"><span class=\"s1\">Al igual que nosotros, los humanos, cada caballo es diferente, tanto en constituci\u00f3n como en personalidad. Sin embargo, los propietarios de caballos han descubierto que utilizar un sol\u00e1rium para caballos antes y despu\u00e9s del ejercicio ayuda a calentar los m\u00fasculos del caballo para evitar tensiones y tiranteces inc\u00f3modas.<\/span><\/p>\n<p class=\"p1\"><span class=\"s1\">Los solariums pueden proporcionar al caballo todo lo que necesita para mantenerse en forma, sano y en\u00e9rgico, adem\u00e1s de secar al animal para evitar escalofr\u00edos y molestias musculares asociadas al ejercicio en condiciones h\u00famedas o mojadas;<\/span><\/p>\n\t\t\t\t\t\t<\/div>\n\t\t\t\t<\/div>\n\t\t\t\t<\/div>\n\t\t\t\t\t<\/div>\n\t\t\t\t<\/div>\n\t\t\t\t\t\t\t<\/div>\n\t\t","protected":false},"excerpt":{"rendered":"<p>BCN EQUINE SPA &amp; Wellness Podemos organizar un paquete de rehabilitaci\u00f3n mensual formalizado para todas las necesidades de sus caballos. Esto puede incluir sesiones regulares de Aqua-training, tratamientos INDIBA, sesiones de solarium, visitas al veterinario y fisioterapia. Se alquila (P\u00f3ngase en contacto con nosotros para consultar precios y ofertas mensuales de rehabilitaci\u00f3n) EQUINE AQUA TRAINER [&hellip;]<\/p>\n","protected":false},"author":1,"featured_media":0,"parent":0,"menu_order":0,"comment_status":"closed","ping_status":"closed","template":"","meta":{"footnotes":""},"class_list":["post-1422","page","type-page","status-publish","hentry"],"_links":{"self":[{"href":"https:\/\/bcndressage.com\/es\/wp-json\/wp\/v2\/pages\/1422","targetHints":{"allow":["GET"]}}],"collection":[{"href":"https:\/\/bcndressage.com\/es\/wp-json\/wp\/v2\/pages"}],"about":[{"href":"https:\/\/bcndressage.com\/es\/wp-json\/wp\/v2\/types\/page"}],"author":[{"embeddable":true,"href":"https:\/\/bcndressage.com\/es\/wp-json\/wp\/v2\/users\/1"}],"replies":[{"embeddable":true,"href":"https:\/\/bcndressage.com\/es\/wp-json\/wp\/v2\/comments?post=1422"}],"version-history":[{"count":9,"href":"https:\/\/bcndressage.com\/es\/wp-json\/wp\/v2\/pages\/1422\/revisions"}],"predecessor-version":[{"id":1486,"href":"https:\/\/bcndressage.com\/es\/wp-json\/wp\/v2\/pages\/1422\/revisions\/1486"}],"wp:attachment":[{"href":"https:\/\/bcndressage.com\/es\/wp-json\/wp\/v2\/media?parent=1422"}],"curies":[{"name":"wp","href":"https:\/\/api.w.org\/{rel}","templated":true}]}}